{"id":8461,"date":"2016-10-13T09:35:46","date_gmt":"2016-10-13T07:35:46","guid":{"rendered":"http:\/\/demowp.cththemes.net\/diopter\/?page_id=531"},"modified":"2024-06-23T11:10:24","modified_gmt":"2024-06-23T11:10:24","slug":"about","status":"publish","type":"page","link":"https:\/\/reatechinfrabtp.odysseedels.com\/index.php\/about\/","title":{"rendered":"A-Propos"},"content":{"rendered":"\t\t<div data-elementor-type=\"wp-post\" data-elementor-id=\"8461\" class=\"elementor elementor-8461\">\n\t\t\t\t\t\t<section class=\"elementor-section elementor-top-section elementor-element elementor-element-347edc6 gray-bg small-padding has-hex has-hex2 elementor-section-boxed elementor-section-height-default elementor-section-height-default\" data-id=\"347edc6\" data-element_type=\"section\" data-settings=\"{&quot;background_background&quot;:&quot;classic&quot;}\">\n\t\t\t\t\t\t\t<div class=\"elementor-background-overlay\"><\/div>\n\t\t\t\t\t\t\t<div class=\"elementor-container elementor-column-gap-default\">\n\t\t\t\t\t<div class=\"elementor-column elementor-col-33 elementor-top-column elementor-element elementor-element-4a3125c\" data-id=\"4a3125c\" data-element_type=\"column\">\n\t\t\t<div class=\"elementor-widget-wrap elementor-element-populated\">\n\t\t\t\t\t\t<div class=\"elementor-element elementor-element-c23782c elementor-widget elementor-widget-text-editor\" data-id=\"c23782c\" data-element_type=\"widget\" data-widget_type=\"text-editor.default\">\n\t\t\t\t<div class=\"elementor-widget-container\">\n\t\t\t\t\t\t\t\t\t<h4>Notre Histoire<\/h4><p>Fond\u00e9e en [ann\u00e9e de fondation], [Nom de l&#8217;entreprise] est une entreprise sp\u00e9cialis\u00e9e dans le B\u00e2timent et les Travaux Publics. Depuis notre cr\u00e9ation, nous avons su nous imposer comme un acteur majeur dans notre secteur, gr\u00e2ce \u00e0 notre savoir-faire, notre engagement et notre passion pour le m\u00e9tier.<\/p>\t\t\t\t\t\t\t\t<\/div>\n\t\t\t\t<\/div>\n\t\t\t\t\t<\/div>\n\t\t<\/div>\n\t\t\t\t<div class=\"elementor-column elementor-col-33 elementor-top-column elementor-element elementor-element-00c9899\" data-id=\"00c9899\" data-element_type=\"column\">\n\t\t\t<div class=\"elementor-widget-wrap elementor-element-populated\">\n\t\t\t\t\t\t<div class=\"elementor-element elementor-element-12b6034 elementor-widget elementor-widget-text-editor\" data-id=\"12b6034\" data-element_type=\"widget\" data-widget_type=\"text-editor.default\">\n\t\t\t\t<div class=\"elementor-widget-container\">\n\t\t\t\t\t\t\t\t\t<h4>Notre Mission<\/h4><p>Notre mission est de construire des infrastructures de qualit\u00e9 qui r\u00e9pondent aux besoins de nos clients et qui contribuent au d\u00e9veloppement durable de nos communaut\u00e9s. Nous nous engageons \u00e0 offrir des solutions innovantes et adapt\u00e9es \u00e0 chaque projet, tout en respectant les d\u00e9lais et les budgets impartis.<\/p>\t\t\t\t\t\t\t\t<\/div>\n\t\t\t\t<\/div>\n\t\t\t\t\t<\/div>\n\t\t<\/div>\n\t\t\t\t<div class=\"elementor-column elementor-col-33 elementor-top-column elementor-element elementor-element-4000a18\" data-id=\"4000a18\" data-element_type=\"column\">\n\t\t\t<div class=\"elementor-widget-wrap elementor-element-populated\">\n\t\t\t\t\t\t<div class=\"elementor-element elementor-element-9bf0f49 elementor-widget elementor-widget-text-editor\" data-id=\"9bf0f49\" data-element_type=\"widget\" data-widget_type=\"text-editor.default\">\n\t\t\t\t<div class=\"elementor-widget-container\">\n\t\t\t\t\t\t\t\t\t<h4>Notre \u00c9quipe<\/h4><p>Notre succ\u00e8s repose sur une \u00e9quipe diversifi\u00e9e et talentueuse, comprenant :<\/p><ul><li><strong>Ing\u00e9nieurs<\/strong><\/li><li><strong>Architectes<\/strong><\/li><li><strong>Techniciens<\/strong><\/li><li><strong>Chefs de projet<\/strong><\/li><li><strong>Artisans qualifi\u00e9s<\/strong><\/li><\/ul>\t\t\t\t\t\t\t\t<\/div>\n\t\t\t\t<\/div>\n\t\t\t\t\t<\/div>\n\t\t<\/div>\n\t\t\t\t\t<\/div>\n\t\t<\/section>\n\t\t\t\t<section class=\"elementor-section elementor-top-section elementor-element elementor-element-31cfb3e gray-bg small-padding has-hex has-hex2 elementor-section-boxed elementor-section-height-default elementor-section-height-default\" data-id=\"31cfb3e\" data-element_type=\"section\" data-settings=\"{&quot;background_background&quot;:&quot;classic&quot;}\">\n\t\t\t\t\t\t\t<div class=\"elementor-background-overlay\"><\/div>\n\t\t\t\t\t\t\t<div class=\"elementor-container elementor-column-gap-default\">\n\t\t\t\t\t<div class=\"elementor-column elementor-col-33 elementor-top-column elementor-element elementor-element-40fbb5e\" data-id=\"40fbb5e\" data-element_type=\"column\">\n\t\t\t<div class=\"elementor-widget-wrap elementor-element-populated\">\n\t\t\t\t\t\t<div class=\"elementor-element elementor-element-6e37ee3 elementor-widget elementor-widget-text-editor\" data-id=\"6e37ee3\" data-element_type=\"widget\" data-widget_type=\"text-editor.default\">\n\t\t\t\t<div class=\"elementor-widget-container\">\n\t\t\t\t\t\t\t\t\t<h4>Nos Comp\u00e9tences<\/h4><p>Notre \u00e9quipe est compos\u00e9e de professionnels hautement qualifi\u00e9s et exp\u00e9riment\u00e9s dans divers domaines du BTP, y compris :<\/p><ul><li><strong>Construction de b\u00e2timents r\u00e9sidentiels et commerciaux<\/strong><\/li><li><strong>Travaux de g\u00e9nie civil et d&#8217;infrastructures<\/strong><\/li><li><strong>R\u00e9novation et restauration de b\u00e2timents historiques<\/strong><\/li><li><strong>Am\u00e9nagement urbain et paysager<\/strong><\/li><li><strong>Ing\u00e9nierie et gestion de projets<\/strong><\/li><\/ul>\t\t\t\t\t\t\t\t<\/div>\n\t\t\t\t<\/div>\n\t\t\t\t\t<\/div>\n\t\t<\/div>\n\t\t\t\t<div class=\"elementor-column elementor-col-33 elementor-top-column elementor-element elementor-element-9faba36\" data-id=\"9faba36\" data-element_type=\"column\">\n\t\t\t<div class=\"elementor-widget-wrap elementor-element-populated\">\n\t\t\t\t\t\t<div class=\"elementor-element elementor-element-07da93e elementor-widget elementor-widget-text-editor\" data-id=\"07da93e\" data-element_type=\"widget\" data-widget_type=\"text-editor.default\">\n\t\t\t\t<div class=\"elementor-widget-container\">\n\t\t\t\t\t\t\t\t\t<h4>Nos R\u00e9alisations<\/h4><p>Parmi nos projets les plus significatifs, on compte :<\/p><ul><li>[Nom du projet 1] : Description br\u00e8ve du projet et de ses particularit\u00e9s.<\/li><li>[Nom du projet 2] : Description br\u00e8ve du projet et de ses particularit\u00e9s.<\/li><li>[Nom du projet 3] : Description br\u00e8ve du projet et de ses particularit\u00e9s.<\/li><\/ul>\t\t\t\t\t\t\t\t<\/div>\n\t\t\t\t<\/div>\n\t\t\t\t\t<\/div>\n\t\t<\/div>\n\t\t\t\t<div class=\"elementor-column elementor-col-33 elementor-top-column elementor-element elementor-element-d5f00a9\" data-id=\"d5f00a9\" data-element_type=\"column\">\n\t\t\t<div class=\"elementor-widget-wrap elementor-element-populated\">\n\t\t\t\t\t\t<div class=\"elementor-element elementor-element-c3bbc6a elementor-widget elementor-widget-text-editor\" data-id=\"c3bbc6a\" data-element_type=\"widget\" data-widget_type=\"text-editor.default\">\n\t\t\t\t<div class=\"elementor-widget-container\">\n\t\t\t\t\t\t\t\t\t<h4>Nos Valeurs<\/h4><ul><li><strong>Qualit\u00e9<\/strong> : Nous mettons un point d&#8217;honneur \u00e0 r\u00e9aliser des ouvrages de haute qualit\u00e9, en utilisant des mat\u00e9riaux et des techniques de pointe.<\/li><li><strong>S\u00e9curit\u00e9<\/strong> : La s\u00e9curit\u00e9 de nos employ\u00e9s et des usagers est une priorit\u00e9 absolue. Nous appliquons des normes strictes pour garantir des chantiers s\u00fbrs.<\/li><li><strong>Innovation<\/strong> : Nous investissons constamment dans la recherche et le d\u00e9veloppement pour rester \u00e0 la pointe des technologies du BTP.<\/li><li><strong>Durabilit\u00e9<\/strong> : Nous int\u00e9grons des pratiques \u00e9cologiques et responsables dans tous nos projets pour minimiser notre impact environnemental.<\/li><\/ul><h4>\u00a0<\/h4>\t\t\t\t\t\t\t\t<\/div>\n\t\t\t\t<\/div>\n\t\t\t\t\t<\/div>\n\t\t<\/div>\n\t\t\t\t\t<\/div>\n\t\t<\/section>\n\t\t\t\t<section class=\"elementor-section elementor-top-section elementor-element elementor-element-46cd3fc elementor-section-stretched sec-padding elementor-section-boxed elementor-section-height-default elementor-section-height-default\" data-id=\"46cd3fc\" data-element_type=\"section\" data-settings=\"{&quot;stretch_section&quot;:&quot;section-stretched&quot;,&quot;background_background&quot;:&quot;classic&quot;}\">\n\t\t\t\t\t\t<div class=\"elementor-container elementor-column-gap-wide\">\n\t\t\t\t\t<div class=\"elementor-column elementor-col-50 elementor-top-column elementor-element elementor-element-8141bba\" data-id=\"8141bba\" data-element_type=\"column\">\n\t\t\t<div class=\"elementor-widget-wrap elementor-element-populated\">\n\t\t\t\t\t\t<div class=\"elementor-element elementor-element-a26d9f7 elementor-widget elementor-widget-section_title\" data-id=\"a26d9f7\" data-element_type=\"widget\" data-widget_type=\"section_title.default\">\n\t\t\t\t<div class=\"elementor-widget-container\">\n\t\t\t\t\t        <div class=\"section-title st-left st-st1\">\r\n        <h4 class=\"sec-subtitle\"><span>DIRECTEUR GENERAL REATECH INFRA BTP<\/span><\/h4>            <h2 class=\"sec-title\"><span>Norbert Y. VEDOME<\/span><\/h2>                    <\/div>\r\n        \t\t\t\t<\/div>\n\t\t\t\t<\/div>\n\t\t\t\t<div class=\"elementor-element elementor-element-136e4e6 elementor-widget elementor-widget-text-editor\" data-id=\"136e4e6\" data-element_type=\"widget\" data-widget_type=\"text-editor.default\">\n\t\t\t\t<div class=\"elementor-widget-container\">\n\t\t\t\t\t\t\t\t\t<p>\u00a0Ing\u00e9nieur en b\u00e2timent et passionn\u00e9 par la construction durable et l&#8217;innovation technique. Fort de 5 ans d&#8217;exp\u00e9rience dans le secteur du b\u00e2timent et des travaux publics, j&#8217;ai particip\u00e9 \u00e0 de nombreux projets de grande envergure, allant de la construction de complexes r\u00e9sidentiels \u00e0 la r\u00e9alisation d&#8217;infrastructures publiques. Mon expertise s&#8217;\u00e9tend \u00e0 la gestion de projets, \u00e0 la conception structurale et \u00e0 l&#8217;optimisation des processus de construction.<\/p>\t\t\t\t\t\t\t\t<\/div>\n\t\t\t\t<\/div>\n\t\t\t\t\t<\/div>\n\t\t<\/div>\n\t\t\t\t<div class=\"elementor-column elementor-col-50 elementor-top-column elementor-element elementor-element-d66790f\" data-id=\"d66790f\" data-element_type=\"column\">\n\t\t\t<div class=\"elementor-widget-wrap elementor-element-populated\">\n\t\t\t\t\t\t<div class=\"elementor-element elementor-element-fc8203b elementor-widget elementor-widget-image_quote\" data-id=\"fc8203b\" data-element_type=\"widget\" data-widget_type=\"image_quote.default\">\n\t\t\t\t<div class=\"elementor-widget-container\">\n\t\t\t\t\t        <div class=\"about-img abimg-sty1\" data-scrollax-parent=\"true\">\r\n            <img fetchpriority=\"high\" decoding=\"async\" width=\"545\" height=\"479\" src=\"https:\/\/reatechinfrabtp.odysseedels.com\/wp-content\/uploads\/2024\/06\/1.png\" class=\"respimg\" alt=\"\" srcset=\"https:\/\/reatechinfrabtp.odysseedels.com\/wp-content\/uploads\/2024\/06\/1.png 545w, https:\/\/reatechinfrabtp.odysseedels.com\/wp-content\/uploads\/2024\/06\/1-300x264.png 300w, https:\/\/reatechinfrabtp.odysseedels.com\/wp-content\/uploads\/2024\/06\/1-229x201.png 229w, https:\/\/reatechinfrabtp.odysseedels.com\/wp-content\/uploads\/2024\/06\/1-457x402.png 457w, https:\/\/reatechinfrabtp.odysseedels.com\/wp-content\/uploads\/2024\/06\/1-398x350.png 398w, https:\/\/reatechinfrabtp.odysseedels.com\/wp-content\/uploads\/2024\/06\/1-450x396.png 450w, https:\/\/reatechinfrabtp.odysseedels.com\/wp-content\/uploads\/2024\/06\/1-324x285.png 324w, https:\/\/reatechinfrabtp.odysseedels.com\/wp-content\/uploads\/2024\/06\/1-114x100.png 114w\" sizes=\"(max-width: 545px) 100vw, 545px\" \/>                                    \r\n        <\/div>\r\n        \t\t\t\t<\/div>\n\t\t\t\t<\/div>\n\t\t\t\t\t<\/div>\n\t\t<\/div>\n\t\t\t\t\t<\/div>\n\t\t<\/section>\n\t\t\t\t<section class=\"elementor-section elementor-top-section elementor-element elementor-element-7936fbf darkbg_2 notifer-block elementor-section-content-middle elementor-section-boxed elementor-section-height-default elementor-section-height-default\" data-id=\"7936fbf\" data-element_type=\"section\">\n\t\t\t\t\t\t<div class=\"elementor-container elementor-column-gap-default\">\n\t\t\t\t\t<div class=\"elementor-column elementor-col-66 elementor-top-column elementor-element elementor-element-7578ede\" data-id=\"7578ede\" data-element_type=\"column\">\n\t\t\t<div class=\"elementor-widget-wrap elementor-element-populated\">\n\t\t\t\t\t\t<div class=\"elementor-element elementor-element-6c1452c elementor-widget elementor-widget-section_title\" data-id=\"6c1452c\" data-element_type=\"widget\" data-widget_type=\"section_title.default\">\n\t\t\t\t<div class=\"elementor-widget-container\">\n\t\t\t\t\t        <div class=\"section-title st-left st-st7\">\r\n                    <h2 class=\"sec-title\"><span>Avez-vous besoin de professionnels pour projeter et construire la maison de vos r\u00eaves ?<\/span><\/h2>                    <\/div>\r\n        \t\t\t\t<\/div>\n\t\t\t\t<\/div>\n\t\t\t\t\t<\/div>\n\t\t<\/div>\n\t\t\t\t<div class=\"elementor-column elementor-col-33 elementor-top-column elementor-element elementor-element-a2a430f\" data-id=\"a2a430f\" data-element_type=\"column\">\n\t\t\t<div class=\"elementor-widget-wrap elementor-element-populated\">\n\t\t\t\t\t\t<div class=\"elementor-element elementor-element-68a32e7 ml-auto ms-auto elementor-widget__width-auto elementor-widget elementor-widget-cthbutton\" data-id=\"68a32e7\" data-element_type=\"widget\" data-widget_type=\"cthbutton.default\">\n\t\t\t\t<div class=\"elementor-widget-container\">\n\t\t\t\t\t \r\n            <a href=\"http:\/\/theroof.cththemes.org\/contact\/\"  class=\"tbtn tbtn color-dark normal-btn normal normalw-btn icon-left btn-no-text-no\"><span>Contactez<\/span><\/a>\r\n        \t\t\t\t<\/div>\n\t\t\t\t<\/div>\n\t\t\t\t\t<\/div>\n\t\t<\/div>\n\t\t\t\t\t<\/div>\n\t\t<\/section>\n\t\t\t\t<section class=\"elementor-section elementor-top-section elementor-element elementor-element-43e2675b paralax-section elementor-section-boxed elementor-section-height-default elementor-section-height-default\" data-id=\"43e2675b\" data-element_type=\"section\" data-settings=\"{&quot;background_background&quot;:&quot;classic&quot;}\">\n\t\t\t\t\t\t\t<div class=\"elementor-background-overlay\"><\/div>\n\t\t\t\t\t\t\t<div class=\"elementor-container elementor-column-gap-default\">\n\t\t\t\t\t<div class=\"elementor-column elementor-col-25 elementor-top-column elementor-element elementor-element-1f48c3d4\" data-id=\"1f48c3d4\" data-element_type=\"column\">\n\t\t\t<div class=\"elementor-widget-wrap elementor-element-populated\">\n\t\t\t\t\t\t<div class=\"elementor-element elementor-element-33a4dbe7 elementor-widget elementor-widget-counter\" data-id=\"33a4dbe7\" data-element_type=\"widget\" data-widget_type=\"counter.default\">\n\t\t\t\t<div class=\"elementor-widget-container\">\n\t\t\t\t\t        <div class=\"main-facts single-facts_2 hide-decor-no\">\r\n            <div class=\"inline-facts-wrap\">\r\n                <div class=\"inline-facts\">\r\n                                        <div class=\"milestone-counter\">\r\n                        <div class=\"stats animaper\">\r\n                            <div class=\"num\" data-content=\"0\" data-num=\"55\">55<\/div>\r\n                        <\/div>\r\n                    <\/div>\r\n                    <h6>Succes<\/h6>                <\/div>\r\n            <\/div>\r\n        <\/div>\r\n        \t\t\t\t<\/div>\n\t\t\t\t<\/div>\n\t\t\t\t\t<\/div>\n\t\t<\/div>\n\t\t\t\t<div class=\"elementor-column elementor-col-25 elementor-top-column elementor-element elementor-element-6309c9d5\" data-id=\"6309c9d5\" data-element_type=\"column\">\n\t\t\t<div class=\"elementor-widget-wrap elementor-element-populated\">\n\t\t\t\t\t\t<div class=\"elementor-element elementor-element-5166efe9 elementor-widget elementor-widget-counter\" data-id=\"5166efe9\" data-element_type=\"widget\" data-widget_type=\"counter.default\">\n\t\t\t\t<div class=\"elementor-widget-container\">\n\t\t\t\t\t        <div class=\"main-facts single-facts_2 hide-decor-no\">\r\n            <div class=\"inline-facts-wrap\">\r\n                <div class=\"inline-facts\">\r\n                                        <div class=\"milestone-counter\">\r\n                        <div class=\"stats animaper\">\r\n                            <div class=\"num\" data-content=\"0\" data-num=\"31\">31<\/div>\r\n                        <\/div>\r\n                    <\/div>\r\n                    <h6>Projets r\u00e9alis\u00e9s<\/h6>                <\/div>\r\n            <\/div>\r\n        <\/div>\r\n        \t\t\t\t<\/div>\n\t\t\t\t<\/div>\n\t\t\t\t\t<\/div>\n\t\t<\/div>\n\t\t\t\t<div class=\"elementor-column elementor-col-25 elementor-top-column elementor-element elementor-element-4d468f55\" data-id=\"4d468f55\" data-element_type=\"column\">\n\t\t\t<div class=\"elementor-widget-wrap elementor-element-populated\">\n\t\t\t\t\t\t<div class=\"elementor-element elementor-element-4879c6db elementor-widget elementor-widget-counter\" data-id=\"4879c6db\" data-element_type=\"widget\" data-widget_type=\"counter.default\">\n\t\t\t\t<div class=\"elementor-widget-container\">\n\t\t\t\t\t        <div class=\"main-facts single-facts_2 hide-decor-no\">\r\n            <div class=\"inline-facts-wrap\">\r\n                <div class=\"inline-facts\">\r\n                                        <div class=\"milestone-counter\">\r\n                        <div class=\"stats animaper\">\r\n                            <div class=\"num\" data-content=\"0\" data-num=\"98\">98<\/div>\r\n                        <\/div>\r\n                    <\/div>\r\n                    <h6>Taux de fiabilit\u00e9<\/h6>                <\/div>\r\n            <\/div>\r\n        <\/div>\r\n        \t\t\t\t<\/div>\n\t\t\t\t<\/div>\n\t\t\t\t\t<\/div>\n\t\t<\/div>\n\t\t\t\t<div class=\"elementor-column elementor-col-25 elementor-top-column elementor-element elementor-element-5aa002c9\" data-id=\"5aa002c9\" data-element_type=\"column\">\n\t\t\t<div class=\"elementor-widget-wrap elementor-element-populated\">\n\t\t\t\t\t\t<div class=\"elementor-element elementor-element-53f291e8 elementor-widget elementor-widget-counter\" data-id=\"53f291e8\" data-element_type=\"widget\" data-widget_type=\"counter.default\">\n\t\t\t\t<div class=\"elementor-widget-container\">\n\t\t\t\t\t        <div class=\"main-facts single-facts_2 hide-decor-yes\">\r\n            <div class=\"inline-facts-wrap\">\r\n                <div class=\"inline-facts\">\r\n                                        <div class=\"milestone-counter\">\r\n                        <div class=\"stats animaper\">\r\n                            <div class=\"num\" data-content=\"0\" data-num=\"4\">4<\/div>\r\n                        <\/div>\r\n                    <\/div>\r\n                    <h6>Troph\u00e9e<\/h6>                <\/div>\r\n            <\/div>\r\n        <\/div>\r\n        \t\t\t\t<\/div>\n\t\t\t\t<\/div>\n\t\t\t\t\t<\/div>\n\t\t<\/div>\n\t\t\t\t\t<\/div>\n\t\t<\/section>\n\t\t\t\t<\/div>\n\t\t","protected":false},"excerpt":{"rendered":"<p>Notre Histoire Fond\u00e9e en [ann\u00e9e de fondation], [Nom de l&#8217;entreprise] est une entreprise sp\u00e9cialis\u00e9e dans le B\u00e2timent et les Travaux Publics. Depuis notre cr\u00e9ation, nous avons su nous imposer comme un acteur majeur dans notre secteur, gr\u00e2ce \u00e0 notre savoir-faire, notre engagement et notre passion pour le m\u00e9tier. Notre Mission Notre mission est de construire des infrastructures de qualit\u00e9 qui r\u00e9pondent aux besoins de nos clients et qui contribuent au d\u00e9veloppement durable de nos communaut\u00e9s. Nous nous engageons \u00e0 offrir des solutions innovantes et adapt\u00e9es \u00e0 chaque projet, tout en respectant les d\u00e9lais et les budgets impartis. Notre \u00c9quipe Notre succ\u00e8s repose sur une \u00e9quipe diversifi\u00e9e et talentueuse, comprenant : Ing\u00e9nieurs Architectes Techniciens Chefs de projet Artisans qualifi\u00e9s Nos Comp\u00e9tences Notre \u00e9quipe est compos\u00e9e de professionnels hautement qualifi\u00e9s et exp\u00e9riment\u00e9s dans divers domaines du BTP, y compris : Construction de b\u00e2timents r\u00e9sidentiels et commerciaux Travaux de g\u00e9nie civil et d&#8217;infrastructures [&hellip;]<\/p>\n","protected":false},"author":1,"featured_media":0,"parent":0,"menu_order":0,"comment_status":"closed","ping_status":"closed","template":"page-full.php","meta":{"_uag_custom_page_level_css":"","footnotes":""},"class_list":["post-8461","page","type-page","status-publish","hentry"],"uagb_featured_image_src":{"full":false,"thumbnail":false,"medium":false,"medium_large":false,"large":false,"1536x1536":false,"2048x2048":false,"theroof-slider":false,"theroof-gal":false,"theroof-gal-two":false,"theroof-project":false,"theroof-project-slider":false,"theroof-featured":false,"theroof-single":false,"theroof-service":false,"theroof-recent":false},"uagb_author_info":{"display_name":"admin","author_link":"https:\/\/reatechinfrabtp.odysseedels.com\/index.php\/author\/admin\/"},"uagb_comment_info":0,"uagb_excerpt":"Notre Histoire Fond\u00e9e en [ann\u00e9e de fondation], [Nom de l&#8217;entreprise] est une entreprise sp\u00e9cialis\u00e9e dans le B\u00e2timent et les Travaux Publics. Depuis notre cr\u00e9ation, nous avons su nous imposer comme un acteur majeur dans notre secteur, gr\u00e2ce \u00e0 notre savoir-faire, notre engagement et notre passion pour le m\u00e9tier. Notre Mission Notre mission est de construire&hellip;","_links":{"self":[{"href":"https:\/\/reatechinfrabtp.odysseedels.com\/index.php\/wp-json\/wp\/v2\/pages\/8461","targetHints":{"allow":["GET"]}}],"collection":[{"href":"https:\/\/reatechinfrabtp.odysseedels.com\/index.php\/wp-json\/wp\/v2\/pages"}],"about":[{"href":"https:\/\/reatechinfrabtp.odysseedels.com\/index.php\/wp-json\/wp\/v2\/types\/page"}],"author":[{"embeddable":true,"href":"https:\/\/reatechinfrabtp.odysseedels.com\/index.php\/wp-json\/wp\/v2\/users\/1"}],"replies":[{"embeddable":true,"href":"https:\/\/reatechinfrabtp.odysseedels.com\/index.php\/wp-json\/wp\/v2\/comments?post=8461"}],"version-history":[{"count":36,"href":"https:\/\/reatechinfrabtp.odysseedels.com\/index.php\/wp-json\/wp\/v2\/pages\/8461\/revisions"}],"predecessor-version":[{"id":10232,"href":"https:\/\/reatechinfrabtp.odysseedels.com\/index.php\/wp-json\/wp\/v2\/pages\/8461\/revisions\/10232"}],"wp:attachment":[{"href":"https:\/\/reatechinfrabtp.odysseedels.com\/index.php\/wp-json\/wp\/v2\/media?parent=8461"}],"curies":[{"name":"wp","href":"https:\/\/api.w.org\/{rel}","templated":true}]}}